{"id":9444,"date":"2022-11-25T18:41:27","date_gmt":"2022-11-25T20:41:27","guid":{"rendered":"https:\/\/www.observatorioturismo.mg.gov.br\/?page_id=9444"},"modified":"2023-08-08T09:31:28","modified_gmt":"2023-08-08T12:31:28","slug":"pesquisa-de-demanda-turistica-2022","status":"publish","type":"page","link":"https:\/\/www.observatorioturismo.mg.gov.br\/?page_id=9444","title":{"rendered":"Pesquisa de Demanda Tur\u00edstica 2022"},"content":{"rendered":"\t\t<div data-elementor-type=\"wp-page\" data-elementor-id=\"9444\" class=\"elementor elementor-9444\">\n\t\t\t\t\t\t<section class=\"elementor-section elementor-top-section elementor-element elementor-element-61b8e47 elementor-section-boxed elementor-section-height-default elementor-section-height-default\" data-id=\"61b8e47\" data-element_type=\"section\">\n\t\t\t\t\t\t<div class=\"elementor-container elementor-column-gap-default\">\n\t\t\t\t\t<div class=\"elementor-column elementor-col-100 elementor-top-column elementor-element elementor-element-b4b24f4\" data-id=\"b4b24f4\" data-element_type=\"column\">\n\t\t\t<div class=\"elementor-widget-wrap elementor-element-populated\">\n\t\t\t\t\t\t<div class=\"elementor-element elementor-element-128a968 elementor-widget elementor-widget-heading\" data-id=\"128a968\" data-element_type=\"widget\" data-widget_type=\"heading.default\">\n\t\t\t\t<div class=\"elementor-widget-container\">\n\t\t\t<h2 class=\"elementor-heading-title elementor-size-default\">Pesquisa de Demanda Tur\u00edstica 2022<\/h2>\t\t<\/div>\n\t\t\t\t<\/div>\n\t\t\t\t\t<\/div>\n\t\t<\/div>\n\t\t\t\t\t<\/div>\n\t\t<\/section>\n\t\t\t\t<section class=\"elementor-section elementor-top-section elementor-element elementor-element-ecdfd1c elementor-section-boxed elementor-section-height-default elementor-section-height-default\" data-id=\"ecdfd1c\" data-element_type=\"section\">\n\t\t\t\t\t\t<div class=\"elementor-container elementor-column-gap-default\">\n\t\t\t\t\t<div class=\"elementor-column elementor-col-100 elementor-top-column elementor-element elementor-element-bf12bc8\" data-id=\"bf12bc8\" data-element_type=\"column\">\n\t\t\t<div class=\"elementor-widget-wrap elementor-element-populated\">\n\t\t\t\t\t\t<div class=\"elementor-element elementor-element-d7f9968 elementor-widget elementor-widget-text-editor\" data-id=\"d7f9968\" data-element_type=\"widget\" data-widget_type=\"text-editor.default\">\n\t\t\t\t<div class=\"elementor-widget-container\">\n\t\t\t\t\t\t\t<span style=\"font-size: 16px;\">Informa\u00e7\u00f5es sobre o perfil, n\u00edvel socioecon\u00f4mico, motiva\u00e7\u00e3o, expectativa em rela\u00e7\u00e3o aos servi\u00e7os e produtos oferecidos durante sua estadia e gastos financeiros do turista que visita Minas Gerais, coletadas em julho e outubro de 2022.<\/span>\t\t\t\t\t\t<\/div>\n\t\t\t\t<\/div>\n\t\t\t\t<div class=\"elementor-element elementor-element-c7acc2b elementor-widget elementor-widget-html\" data-id=\"c7acc2b\" data-element_type=\"widget\" data-widget_type=\"html.default\">\n\t\t\t\t<div class=\"elementor-widget-container\">\n\t\t\t<iframe width=\"600\" height=\"373.5\" src=\"https:\/\/app.powerbi.com\/view?r=eyJrIjoiYWNmZWIzMDMtYWU4OC00MGY0LWIzN2MtN2E3YjgzZTY3ZjNkIiwidCI6IjlkOGEwZDdjLWIxYzEtNDI0OC1iMTM5LWEzODQ1M2U4MjRiZiJ9\" frameborder=\"0\" allowFullScreen=\"true\"><\/iframe>\t\t<\/div>\n\t\t\t\t<\/div>\n\t\t\t\t\t<\/div>\n\t\t<\/div>\n\t\t\t\t\t<\/div>\n\t\t<\/section>\n\t\t\t\t<section class=\"elementor-section elementor-top-section elementor-element elementor-element-fb85e00 elementor-section-boxed elementor-section-height-default elementor-section-height-default\" data-id=\"fb85e00\" data-element_type=\"section\">\n\t\t\t\t\t\t<div class=\"elementor-container elementor-column-gap-default\">\n\t\t\t\t\t<div class=\"elementor-column elementor-col-100 elementor-top-column elementor-element elementor-element-0710a32\" data-id=\"0710a32\" data-element_type=\"column\">\n\t\t\t<div class=\"elementor-widget-wrap\">\n\t\t\t\t\t\t\t<\/div>\n\t\t<\/div>\n\t\t\t\t\t<\/div>\n\t\t<\/section>\n\t\t\t\t<section class=\"elementor-section elementor-top-section elementor-element elementor-element-72047a3 elementor-section-boxed elementor-section-height-default elementor-section-height-default\" data-id=\"72047a3\" data-element_type=\"section\">\n\t\t\t\t\t\t<div class=\"elementor-container elementor-column-gap-default\">\n\t\t\t\t\t<div class=\"elementor-column elementor-col-50 elementor-top-column elementor-element elementor-element-ab0e624\" data-id=\"ab0e624\" data-element_type=\"column\">\n\t\t\t<div class=\"elementor-widget-wrap elementor-element-populated\">\n\t\t\t\t\t\t<div class=\"elementor-element elementor-element-ba41425 elementor-widget elementor-widget-image\" data-id=\"ba41425\" data-element_type=\"widget\" data-widget_type=\"image.default\">\n\t\t\t\t<div class=\"elementor-widget-container\">\n\t\t\t\t\t\t\t\t\t\t<figure class=\"wp-caption\">\n\t\t\t\t\t\t\t\t\t\t\t<a href=\"https:\/\/www.dropbox.com\/s\/40fgopcpcbac4zi\/Boletim%20PDT%20Consolidada%202022.pdf?dl=0\">\n\t\t\t\t\t\t\t<img decoding=\"async\" src=\"https:\/\/www.observatorioturismo.mg.gov.br\/wp-content\/uploads\/elementor\/thumbs\/demanda-pvs5nhaxdel48tbhge6nkt4ilyom7r9xeu4odmgfbk.png\" title=\"demanda\" alt=\"demanda\" loading=\"lazy\" \/>\t\t\t\t\t\t\t\t<\/a>\n\t\t\t\t\t\t\t\t\t\t\t<figcaption class=\"widget-image-caption wp-caption-text\">Acesse aqui os infogr\u00e1ficos da PDT 2022!<\/figcaption>\n\t\t\t\t\t\t\t\t\t\t<\/figure>\n\t\t\t\t\t\t\t<\/div>\n\t\t\t\t<\/div>\n\t\t\t\t<section class=\"elementor-section elementor-inner-section elementor-element elementor-element-795b9d5 elementor-section-boxed elementor-section-height-default elementor-section-height-default\" data-id=\"795b9d5\" data-element_type=\"section\">\n\t\t\t\t\t\t<div class=\"elementor-container elementor-column-gap-default\">\n\t\t\t\t\t<div class=\"elementor-column elementor-col-100 elementor-inner-column elementor-element elementor-element-33ddcf0\" data-id=\"33ddcf0\" data-element_type=\"column\">\n\t\t\t<div class=\"elementor-widget-wrap\">\n\t\t\t\t\t\t\t<\/div>\n\t\t<\/div>\n\t\t\t\t\t<\/div>\n\t\t<\/section>\n\t\t\t\t\t<\/div>\n\t\t<\/div>\n\t\t\t\t<div class=\"elementor-column elementor-col-50 elementor-top-column elementor-element elementor-element-db5220b\" data-id=\"db5220b\" data-element_type=\"column\">\n\t\t\t<div class=\"elementor-widget-wrap elementor-element-populated\">\n\t\t\t\t\t\t<div class=\"elementor-element elementor-element-2b2e989 elementor-widget elementor-widget-image\" data-id=\"2b2e989\" data-element_type=\"widget\" data-widget_type=\"image.default\">\n\t\t\t\t<div class=\"elementor-widget-container\">\n\t\t\t\t\t\t\t\t\t\t<figure class=\"wp-caption\">\n\t\t\t\t\t\t\t\t\t\t\t<a href=\"https:\/\/www.observatorioturismo.mg.gov.br\/?p=5313\">\n\t\t\t\t\t\t\t<img decoding=\"async\" src=\"https:\/\/www.observatorioturismo.mg.gov.br\/wp-content\/uploads\/elementor\/thumbs\/Infogr\u00e1fico-pvs5nhaxdel48tbhge6nkt4ilyom7r9xeu4odmgfbk.png\" title=\"Infogr\u00e1fico\" alt=\"Infogr\u00e1fico\" loading=\"lazy\" \/>\t\t\t\t\t\t\t\t<\/a>\n\t\t\t\t\t\t\t\t\t\t\t<figcaption class=\"widget-image-caption wp-caption-text\">Acesse aqui as Pesquisas de Demanda de anos anteriores<\/figcaption>\n\t\t\t\t\t\t\t\t\t\t<\/figure>\n\t\t\t\t\t\t\t<\/div>\n\t\t\t\t<\/div>\n\t\t\t\t\t<\/div>\n\t\t<\/div>\n\t\t\t\t\t<\/div>\n\t\t<\/section>\n\t\t\t\t<\/div>\n\t\t","protected":false},"excerpt":{"rendered":"<p>Pesquisa de Demanda Tur\u00edstica 2022 Informa\u00e7\u00f5es sobre o perfil, n\u00edvel socioecon\u00f4mico, motiva\u00e7\u00e3o, expectativa em rela\u00e7\u00e3o aos servi\u00e7os e produtos oferecidos [&hellip;]<\/p>\n","protected":false},"author":9,"featured_media":9468,"parent":0,"menu_order":0,"comment_status":"closed","ping_status":"closed","template":"","meta":{"_monsterinsights_skip_tracking":false,"_monsterinsights_sitenote_active":false,"_monsterinsights_sitenote_note":"","_monsterinsights_sitenote_category":0,"site-sidebar-layout":"default","site-content-layout":"","ast-site-content-layout":"default","site-content-style":"default","site-sidebar-style":"default","ast-global-header-display":"","ast-banner-title-visibility":"","ast-main-header-display":"","ast-hfb-above-header-display":"","ast-hfb-below-header-display":"","ast-hfb-mobile-header-display":"","site-post-title":"","ast-breadcrumbs-content":"","ast-featured-img":"","footer-sml-layout":"","theme-transparent-header-meta":"","adv-header-id-meta":"","stick-header-meta":"","header-above-stick-meta":"","header-main-stick-meta":"","header-below-stick-meta":"","astra-migrate-meta-layouts":"default","ast-page-background-enabled":"default","ast-page-background-meta":{"desktop":{"background-color":"var(--ast-global-color-5)","background-image":"","background-repeat":"repeat","background-position":"center center","background-size":"auto","background-attachment":"scroll","background-type":"","background-media":"","overlay-type":"","overlay-color":"","overlay-opacity":"","overlay-gradient":""},"tablet":{"background-color":"","background-image":"","background-repeat":"repeat","background-position":"center center","background-size":"auto","background-attachment":"scroll","background-type":"","background-media":"","overlay-type":"","overlay-color":"","overlay-opacity":"","overlay-gradient":""},"mobile":{"background-color":"","background-image":"","background-repeat":"repeat","background-position":"center center","background-size":"auto","background-attachment":"scroll","background-type":"","background-media":"","overlay-type":"","overlay-color":"","overlay-opacity":"","overlay-gradient":""}},"ast-content-background-meta":{"desktop":{"background-color":"var(--ast-global-color-4)","background-image":"","background-repeat":"repeat","background-position":"center center","background-size":"auto","background-attachment":"scroll","background-type":"","background-media":"","overlay-type":"","overlay-color":"","overlay-opacity":"","overlay-gradient":""},"tablet":{"background-color":"var(--ast-global-color-4)","background-image":"","background-repeat":"repeat","background-position":"center center","background-size":"auto","background-attachment":"scroll","background-type":"","background-media":"","overlay-type":"","overlay-color":"","overlay-opacity":"","overlay-gradient":""},"mobile":{"background-color":"var(--ast-global-color-4)","background-image":"","background-repeat":"repeat","background-position":"center center","background-size":"auto","background-attachment":"scroll","background-type":"","background-media":"","overlay-type":"","overlay-color":"","overlay-opacity":"","overlay-gradient":""}},"footnotes":""},"class_list":["post-9444","page","type-page","status-publish","has-post-thumbnail","hentry"],"_links":{"self":[{"href":"https:\/\/www.observatorioturismo.mg.gov.br\/index.php?rest_route=\/wp\/v2\/pages\/9444","targetHints":{"allow":["GET"]}}],"collection":[{"href":"https:\/\/www.observatorioturismo.mg.gov.br\/index.php?rest_route=\/wp\/v2\/pages"}],"about":[{"href":"https:\/\/www.observatorioturismo.mg.gov.br\/index.php?rest_route=\/wp\/v2\/types\/page"}],"author":[{"embeddable":true,"href":"https:\/\/www.observatorioturismo.mg.gov.br\/index.php?rest_route=\/wp\/v2\/users\/9"}],"replies":[{"embeddable":true,"href":"https:\/\/www.observatorioturismo.mg.gov.br\/index.php?rest_route=%2Fwp%2Fv2%2Fcomments&post=9444"}],"version-history":[{"count":0,"href":"https:\/\/www.observatorioturismo.mg.gov.br\/index.php?rest_route=\/wp\/v2\/pages\/9444\/revisions"}],"wp:featuredmedia":[{"embeddable":true,"href":"https:\/\/www.observatorioturismo.mg.gov.br\/index.php?rest_route=\/wp\/v2\/media\/9468"}],"wp:attachment":[{"href":"https:\/\/www.observatorioturismo.mg.gov.br\/index.php?rest_route=%2Fwp%2Fv2%2Fmedia&parent=9444"}],"curies":[{"name":"wp","href":"https:\/\/api.w.org\/{rel}","templated":true}]}}