{"id":10969,"date":"2025-06-11T11:28:38","date_gmt":"2025-06-11T14:28:38","guid":{"rendered":"https:\/\/www.observatorioturismo.mg.gov.br\/?page_id=10969"},"modified":"2026-03-24T10:49:41","modified_gmt":"2026-03-24T13:49:41","slug":"paineis-interativos-novo","status":"publish","type":"page","link":"https:\/\/www.observatorioturismo.mg.gov.br\/?page_id=10969","title":{"rendered":"Paineis interativos"},"content":{"rendered":"\t\t<div data-elementor-type=\"wp-page\" data-elementor-id=\"10969\" class=\"elementor elementor-10969\">\n\t\t\t\t<div class=\"elementor-element elementor-element-aa17616 e-flex e-con-boxed e-con e-parent\" data-id=\"aa17616\" data-element_type=\"container\" data-settings=\"{&quot;background_background&quot;:&quot;classic&quot;,&quot;shape_divider_bottom&quot;:&quot;mountains&quot;}\">\n\t\t\t\t\t<div class=\"e-con-inner\">\n\t\t\t\t<div class=\"elementor-shape elementor-shape-bottom\" data-negative=\"false\">\n\t\t\t<svg xmlns=\"http:\/\/www.w3.org\/2000\/svg\" viewBox=\"0 0 1000 100\" preserveAspectRatio=\"none\">\n\t<path class=\"elementor-shape-fill\" opacity=\"0.33\" d=\"M473,67.3c-203.9,88.3-263.1-34-320.3,0C66,119.1,0,59.7,0,59.7V0h1000v59.7 c0,0-62.1,26.1-94.9,29.3c-32.8,3.3-62.8-12.3-75.8-22.1C806,49.6,745.3,8.7,694.9,4.7S492.4,59,473,67.3z\"\/>\n\t<path class=\"elementor-shape-fill\" opacity=\"0.66\" d=\"M734,67.3c-45.5,0-77.2-23.2-129.1-39.1c-28.6-8.7-150.3-10.1-254,39.1 s-91.7-34.4-149.2,0C115.7,118.3,0,39.8,0,39.8V0h1000v36.5c0,0-28.2-18.5-92.1-18.5C810.2,18.1,775.7,67.3,734,67.3z\"\/>\n\t<path class=\"elementor-shape-fill\" d=\"M766.1,28.9c-200-57.5-266,65.5-395.1,19.5C242,1.8,242,5.4,184.8,20.6C128,35.8,132.3,44.9,89.9,52.5C28.6,63.7,0,0,0,0 h1000c0,0-9.9,40.9-83.6,48.1S829.6,47,766.1,28.9z\"\/>\n<\/svg>\t\t<\/div>\n\t\t<div class=\"elementor-element elementor-element-0588772 e-con-full e-flex e-con e-child\" data-id=\"0588772\" data-element_type=\"container\">\n\t\t\t\t<div class=\"elementor-element elementor-element-e73ed91 elementor-widget elementor-widget-heading\" data-id=\"e73ed91\" data-element_type=\"widget\" data-widget_type=\"heading.default\">\n\t\t\t\t<div class=\"elementor-widget-container\">\n\t\t\t<h2 class=\"elementor-heading-title elementor-size-default\">Pain\u00e9is Interativos\n<\/h2>\t\t<\/div>\n\t\t\t\t<\/div>\n\t\t\t\t<div class=\"elementor-element elementor-element-963c5ee elementor-widget__width-initial elementor-widget elementor-widget-text-editor\" data-id=\"963c5ee\" data-element_type=\"widget\" data-widget_type=\"text-editor.default\">\n\t\t\t\t<div class=\"elementor-widget-container\">\n\t\t\t\t\t\t\t<div class=\"elementor-element elementor-element-55a7e87 elementor-widget elementor-widget-text-editor\" data-id=\"55a7e87\" data-element_type=\"widget\" data-widget_type=\"text-editor.default\"><div class=\"elementor-widget-container\"><div class=\"elementor-element elementor-element-55a7e87 elementor-widget elementor-widget-text-editor\" data-id=\"55a7e87\" data-element_type=\"widget\" data-widget_type=\"text-editor.default\"><div class=\"elementor-widget-container\"><p class=\"font_8\"><span>\u00a0Observat\u00f3rio do Turismo de Minas Gerais tem como objetivo a transfer\u00eancia de conhecimentos e a forma\u00e7\u00e3o de recursos humanos. Atrav\u00e9s da cria\u00e7\u00e3o de <strong>manuais<\/strong>\u00a0buscamos melhorias no setor tur\u00edstico, fortalecendo a produ\u00e7\u00e3o de conhecimento nesse meio.<\/span><\/p><\/div><\/div><div class=\"elementor-element elementor-element-731a426 elementor-widget elementor-widget-spacer\" data-id=\"731a426\" data-element_type=\"widget\" data-widget_type=\"spacer.default\"><div class=\"elementor-widget-container\"><div class=\"elementor-spacer\"><\/div><\/div><\/div><\/div><\/div>\t\t\t\t\t\t<\/div>\n\t\t\t\t<\/div>\n\t\t\t\t<\/div>\n\t\t<div class=\"elementor-element elementor-element-a5f1f79 e-con-full e-flex e-con e-child\" data-id=\"a5f1f79\" data-element_type=\"container\">\n\t\t<div class=\"elementor-element elementor-element-1a45748 e-con-full e-flex e-con e-child\" data-id=\"1a45748\" data-element_type=\"container\">\n\t\t\t\t<div class=\"elementor-element elementor-element-dca2f0c elementor-align-justify elementor-mobile-align-justify elementor-widget__width-initial elementor-widget elementor-widget-button\" data-id=\"dca2f0c\" data-element_type=\"widget\" data-widget_type=\"button.default\">\n\t\t\t\t<div class=\"elementor-widget-container\">\n\t\t\t\t\t\t\t<div class=\"elementor-button-wrapper\">\n\t\t\t\t\t<a class=\"elementor-button elementor-button-link elementor-size-xs\" href=\"#conteiner4\">\n\t\t\t\t\t\t<span class=\"elementor-button-content-wrapper\">\n\t\t\t\t\t\t\t\t\t<span class=\"elementor-button-text\">Painel de Indicadores do Turismo Mineiro\u200b<\/span>\n\t\t\t\t\t<\/span>\n\t\t\t\t\t<\/a>\n\t\t\t\t<\/div>\n\t\t\t\t\t\t<\/div>\n\t\t\t\t<\/div>\n\t\t\t\t<div class=\"elementor-element elementor-element-031b196 elementor-align-justify elementor-mobile-align-justify elementor-widget__width-initial elementor-widget elementor-widget-button\" data-id=\"031b196\" data-element_type=\"widget\" data-widget_type=\"button.default\">\n\t\t\t\t<div class=\"elementor-widget-container\">\n\t\t\t\t\t\t\t<div class=\"elementor-button-wrapper\">\n\t\t\t\t\t<a class=\"elementor-button elementor-button-link elementor-size-xs\" href=\"#conteiner1\">\n\t\t\t\t\t\t<span class=\"elementor-button-content-wrapper\">\n\t\t\t\t\t\t\t\t\t<span class=\"elementor-button-text\">Painel Pesquisa de Demanda Tur\u00edstica\/2022<\/span>\n\t\t\t\t\t<\/span>\n\t\t\t\t\t<\/a>\n\t\t\t\t<\/div>\n\t\t\t\t\t\t<\/div>\n\t\t\t\t<\/div>\n\t\t\t\t<div class=\"elementor-element elementor-element-932e28a elementor-align-justify elementor-mobile-align-justify elementor-widget__width-initial elementor-widget elementor-widget-button\" data-id=\"932e28a\" data-element_type=\"widget\" data-widget_type=\"button.default\">\n\t\t\t\t<div class=\"elementor-widget-container\">\n\t\t\t\t\t\t\t<div class=\"elementor-button-wrapper\">\n\t\t\t\t\t<a class=\"elementor-button elementor-button-link elementor-size-xs\" href=\"#conteiner2\">\n\t\t\t\t\t\t<span class=\"elementor-button-content-wrapper\">\n\t\t\t\t\t\t\t\t\t<span class=\"elementor-button-text\">Painel RAIS 2020 \u2013 Setor do Turismo<\/span>\n\t\t\t\t\t<\/span>\n\t\t\t\t\t<\/a>\n\t\t\t\t<\/div>\n\t\t\t\t\t\t<\/div>\n\t\t\t\t<\/div>\n\t\t\t\t<div class=\"elementor-element elementor-element-32763af elementor-align-justify elementor-mobile-align-justify elementor-widget__width-initial elementor-widget elementor-widget-button\" data-id=\"32763af\" data-element_type=\"widget\" data-widget_type=\"button.default\">\n\t\t\t\t<div class=\"elementor-widget-container\">\n\t\t\t\t\t\t\t<div class=\"elementor-button-wrapper\">\n\t\t\t\t\t<a class=\"elementor-button elementor-button-link elementor-size-xs\" href=\"#conteiner3\">\n\t\t\t\t\t\t<span class=\"elementor-button-content-wrapper\">\n\t\t\t\t\t\t\t\t\t<span class=\"elementor-button-text\">Painel de informa\u00e7\u00f5es do Novo CAGED<\/span>\n\t\t\t\t\t<\/span>\n\t\t\t\t\t<\/a>\n\t\t\t\t<\/div>\n\t\t\t\t\t\t<\/div>\n\t\t\t\t<\/div>\n\t\t\t\t<div class=\"elementor-element elementor-element-070ef34 elementor-align-justify elementor-mobile-align-justify elementor-widget__width-initial elementor-widget elementor-widget-button\" data-id=\"070ef34\" data-element_type=\"widget\" data-widget_type=\"button.default\">\n\t\t\t\t<div class=\"elementor-widget-container\">\n\t\t\t\t\t\t\t<div class=\"elementor-button-wrapper\">\n\t\t\t\t\t<a class=\"elementor-button elementor-button-link elementor-size-xs\" href=\"#conteiner4\">\n\t\t\t\t\t\t<span class=\"elementor-button-content-wrapper\">\n\t\t\t\t\t\t\t\t\t<span class=\"elementor-button-text\">Painel RAIS 2020 \u2013 Setor do Turismo<\/span>\n\t\t\t\t\t<\/span>\n\t\t\t\t\t<\/a>\n\t\t\t\t<\/div>\n\t\t\t\t\t\t<\/div>\n\t\t\t\t<\/div>\n\t\t\t\t<\/div>\n\t\t\t\t<\/div>\n\t\t\t\t\t<\/div>\n\t\t\t\t<\/div>\n\t\t<div class=\"elementor-element elementor-element-adb71c2 e-flex e-con-boxed e-con e-parent\" data-id=\"adb71c2\" data-element_type=\"container\">\n\t\t\t\t\t<div class=\"e-con-inner\">\n\t\t<div class=\"elementor-element elementor-element-052c6b9 e-con-full e-flex e-con e-child\" data-id=\"052c6b9\" data-element_type=\"container\" id=\"conteiner4\">\n\t\t<div class=\"elementor-element elementor-element-8d411bd e-con-full e-flex e-con e-child\" data-id=\"8d411bd\" data-element_type=\"container\">\n\t\t\t\t<div class=\"elementor-element elementor-element-4fa3518 elementor-widget elementor-widget-heading\" data-id=\"4fa3518\" data-element_type=\"widget\" data-widget_type=\"heading.default\">\n\t\t\t\t<div class=\"elementor-widget-container\">\n\t\t\t<h2 class=\"elementor-heading-title elementor-size-default\">Painel de Indicadores do Turismo Mineiro<\/h2>\t\t<\/div>\n\t\t\t\t<\/div>\n\t\t\t\t<div class=\"elementor-element elementor-element-065cad8 elementor-widget elementor-widget-text-editor\" data-id=\"065cad8\" data-element_type=\"widget\" data-widget_type=\"text-editor.default\">\n\t\t\t\t<div class=\"elementor-widget-container\">\n\t\t\t\t\t\t\t<p><span class=\"a_GcMg font-feature-liga-off font-feature-clig-off font-feature-calt-off text-decoration-none text-strikethrough-none\">Plataforma digital de acompanhamento dos principais indicadores do turismo mineiro, incluindo mercado de trabalho, fluxo a\u00e9reo e rodovi\u00e1rio, visita\u00e7\u00e3o a parques e entre outros dados. Re\u00fane s\u00e9rie hist\u00f3rica de 2011 a 2025 e conta com atualiza\u00e7\u00e3o mensal.<\/span><\/p>\t\t\t\t\t\t<\/div>\n\t\t\t\t<\/div>\n\t\t\t\t<\/div>\n\t\t<div class=\"elementor-element elementor-element-4bac900 e-con-full e-flex e-con e-child\" data-id=\"4bac900\" data-element_type=\"container\">\n\t\t\t\t<div class=\"elementor-element elementor-element-59aa1c1 elementor-widget elementor-widget-html\" data-id=\"59aa1c1\" data-element_type=\"widget\" data-widget_type=\"html.default\">\n\t\t\t\t<div class=\"elementor-widget-container\">\n\t\t\t<iframe title=\"Panorama do Turismo de Minas Gerais\" width=\"600\" height=\"373.5\" src=\"https:\/\/app.powerbi.com\/view?r=eyJrIjoiYzAzZmYyMWEtYTExOS00NDA5LTk0NDEtNGU4YTZiYjdhZmQ4IiwidCI6ImU1ZDNhZTdjLTliMzgtNDhkZS1hMDg3LWY2NzM0YTI4NzU3NCJ9&pageName=5c0ce102a5ea212622c5\" frameborder=\"0\" allowFullScreen=\"true\"><\/iframe>\t\t<\/div>\n\t\t\t\t<\/div>\n\t\t\t\t<\/div>\n\t\t\t\t<div class=\"elementor-element elementor-element-b207ef8 elementor-widget-divider--view-line elementor-widget elementor-widget-divider\" data-id=\"b207ef8\" data-element_type=\"widget\" data-widget_type=\"divider.default\">\n\t\t\t\t<div class=\"elementor-widget-container\">\n\t\t\t\t\t<div class=\"elementor-divider\">\n\t\t\t<span class=\"elementor-divider-separator\">\n\t\t\t\t\t\t<\/span>\n\t\t<\/div>\n\t\t\t\t<\/div>\n\t\t\t\t<\/div>\n\t\t\t\t<\/div>\n\t\t<div class=\"elementor-element elementor-element-3d2fc1e e-con-full e-flex e-con e-child\" data-id=\"3d2fc1e\" data-element_type=\"container\" id=\"conteiner1\">\n\t\t<div class=\"elementor-element elementor-element-a716a0f e-con-full e-flex e-con e-child\" data-id=\"a716a0f\" data-element_type=\"container\">\n\t\t\t\t<div class=\"elementor-element elementor-element-784c7dc elementor-widget elementor-widget-heading\" data-id=\"784c7dc\" data-element_type=\"widget\" data-widget_type=\"heading.default\">\n\t\t\t\t<div class=\"elementor-widget-container\">\n\t\t\t<h2 class=\"elementor-heading-title elementor-size-default\">Painel Pesquisa de Demanda Tur\u00edstica\/2022\u200b<\/h2>\t\t<\/div>\n\t\t\t\t<\/div>\n\t\t\t\t<div class=\"elementor-element elementor-element-90e1169 elementor-widget elementor-widget-text-editor\" data-id=\"90e1169\" data-element_type=\"widget\" data-widget_type=\"text-editor.default\">\n\t\t\t\t<div class=\"elementor-widget-container\">\n\t\t\t\t\t\t\t<p>Informa\u00e7\u00f5es sobre o perfil, n\u00edvel socioecon\u00f4mico, motiva\u00e7\u00e3o, expectativa em rela\u00e7\u00e3o aos servi\u00e7os e produtos oferecidos durante sua estadia e gastos financeiros do turista que visita Minas Gerais, coletadas em julho e outubro de 2022.<\/p>\t\t\t\t\t\t<\/div>\n\t\t\t\t<\/div>\n\t\t\t\t<\/div>\n\t\t<div class=\"elementor-element elementor-element-cf8a424 e-con-full e-flex e-con e-child\" data-id=\"cf8a424\" data-element_type=\"container\">\n\t\t\t\t<div class=\"elementor-element elementor-element-81f99fb elementor-widget elementor-widget-html\" data-id=\"81f99fb\" data-element_type=\"widget\" data-widget_type=\"html.default\">\n\t\t\t\t<div class=\"elementor-widget-container\">\n\t\t\t<iframe width=\"600\" height=\"373.5\" src=\"https:\/\/app.powerbi.com\/view?r=eyJrIjoiNmE4ZGY3NjYtMTVhYi00MTU0LWI0MWQtZmY2NDViNGRlNWE3IiwidCI6ImE0ZTA2MDVjLWUzOTUtNDZlYS1iMmE4LThlNjE1NGM5MGUwNyJ9\" frameborder=\"0\" allowFullScreen=\"true\"><\/iframe>\t\t<\/div>\n\t\t\t\t<\/div>\n\t\t\t\t<\/div>\n\t\t\t\t<div class=\"elementor-element elementor-element-5b4a4a2 elementor-widget-divider--view-line elementor-widget elementor-widget-divider\" data-id=\"5b4a4a2\" data-element_type=\"widget\" data-widget_type=\"divider.default\">\n\t\t\t\t<div class=\"elementor-widget-container\">\n\t\t\t\t\t<div class=\"elementor-divider\">\n\t\t\t<span class=\"elementor-divider-separator\">\n\t\t\t\t\t\t<\/span>\n\t\t<\/div>\n\t\t\t\t<\/div>\n\t\t\t\t<\/div>\n\t\t\t\t<\/div>\n\t\t<div class=\"elementor-element elementor-element-8b65db4 e-con-full e-flex e-con e-child\" data-id=\"8b65db4\" data-element_type=\"container\" id=\"conteiner2\">\n\t\t<div class=\"elementor-element elementor-element-eea6007 e-con-full e-flex e-con e-child\" data-id=\"eea6007\" data-element_type=\"container\">\n\t\t\t\t<div class=\"elementor-element elementor-element-8abd25d elementor-widget elementor-widget-heading\" data-id=\"8abd25d\" data-element_type=\"widget\" data-widget_type=\"heading.default\">\n\t\t\t\t<div class=\"elementor-widget-container\">\n\t\t\t<h2 class=\"elementor-heading-title elementor-size-default\">Painel RAIS 2020 \u2013 Setor do Turismo\u200b<\/h2>\t\t<\/div>\n\t\t\t\t<\/div>\n\t\t\t\t<div class=\"elementor-element elementor-element-c2e6cd4 elementor-widget elementor-widget-text-editor\" data-id=\"c2e6cd4\" data-element_type=\"widget\" data-widget_type=\"text-editor.default\">\n\t\t\t\t<div class=\"elementor-widget-container\">\n\t\t\t\t\t\t\t<p>Informa\u00e7\u00f5es relacionadas \u00e0 economia formal do setor tur\u00edstico da RAIS 2020 sobre empregos, estabelecimentos e renda do turismo e o impacto desses n\u00fameros para a economia local. A consulta pode ser realizada a n\u00edvel municipal, no \u00e2mbito das Inst\u00e2ncias de Governan\u00e7a Regional e no de mesorregi\u00f5es do IBGE.\u00a0<\/p>\t\t\t\t\t\t<\/div>\n\t\t\t\t<\/div>\n\t\t\t\t<\/div>\n\t\t<div class=\"elementor-element elementor-element-6dc2204 e-con-full e-flex e-con e-child\" data-id=\"6dc2204\" data-element_type=\"container\">\n\t\t\t\t<div class=\"elementor-element elementor-element-d41d458 elementor-widget elementor-widget-html\" data-id=\"d41d458\" data-element_type=\"widget\" data-widget_type=\"html.default\">\n\t\t\t\t<div class=\"elementor-widget-container\">\n\t\t\t<iframe width=\"600\" height=\"373.5\" src=\"https:\/\/app.powerbi.com\/view?r=eyJrIjoiZDFlZGY1MTItYTMzMy00NjBmLWFlOGYtM2FjOTNlMmMwZjIzIiwidCI6IjlkOGEwZDdjLWIxYzEtNDI0OC1iMTM5LWEzODQ1M2U4MjRiZiJ9&pageName=ReportSection9cb77487a349034ec927\" frameborder=\"0\" allowFullScreen=\"true\"><\/iframe>\t\t<\/div>\n\t\t\t\t<\/div>\n\t\t\t\t<\/div>\n\t\t\t\t<div class=\"elementor-element elementor-element-93d3ebd elementor-widget-divider--view-line elementor-widget elementor-widget-divider\" data-id=\"93d3ebd\" data-element_type=\"widget\" data-widget_type=\"divider.default\">\n\t\t\t\t<div class=\"elementor-widget-container\">\n\t\t\t\t\t<div class=\"elementor-divider\">\n\t\t\t<span class=\"elementor-divider-separator\">\n\t\t\t\t\t\t<\/span>\n\t\t<\/div>\n\t\t\t\t<\/div>\n\t\t\t\t<\/div>\n\t\t\t\t<\/div>\n\t\t<div class=\"elementor-element elementor-element-7b30ff8 e-con-full e-flex e-con e-child\" data-id=\"7b30ff8\" data-element_type=\"container\" id=\"conteiner3\">\n\t\t<div class=\"elementor-element elementor-element-503e688 e-con-full e-flex e-con e-child\" data-id=\"503e688\" data-element_type=\"container\">\n\t\t\t\t<div class=\"elementor-element elementor-element-c4edd3d elementor-widget elementor-widget-heading\" data-id=\"c4edd3d\" data-element_type=\"widget\" data-widget_type=\"heading.default\">\n\t\t\t\t<div class=\"elementor-widget-container\">\n\t\t\t<h2 class=\"elementor-heading-title elementor-size-default\">Painel de informa\u00e7\u00f5es do Novo CAGED\u200b<\/h2>\t\t<\/div>\n\t\t\t\t<\/div>\n\t\t\t\t<div class=\"elementor-element elementor-element-d707168 elementor-widget elementor-widget-text-editor\" data-id=\"d707168\" data-element_type=\"widget\" data-widget_type=\"text-editor.default\">\n\t\t\t\t<div class=\"elementor-widget-container\">\n\t\t\t\t\t\t\t<p><span style=\"font-size: inherit;\">Informa\u00e7\u00f5es relacionadas \u00e0 economia formal das atividades tipicamente e parcialmente tur\u00edsticas, de forma simples e acess\u00edvel. Informa\u00e7\u00f5es do Novo CAGED, o Cadastro Geral de Empregados e Desempregados, onde s\u00e3o registradas as admiss\u00f5es e desligamentos de empregados, atualizado mensalmente.<\/span><\/p>\t\t\t\t\t\t<\/div>\n\t\t\t\t<\/div>\n\t\t\t\t<\/div>\n\t\t<div class=\"elementor-element elementor-element-4da3feb e-con-full e-flex e-con e-child\" data-id=\"4da3feb\" data-element_type=\"container\">\n\t\t\t\t<div class=\"elementor-element elementor-element-70cb4e7 elementor-widget elementor-widget-html\" data-id=\"70cb4e7\" data-element_type=\"widget\" data-widget_type=\"html.default\">\n\t\t\t\t<div class=\"elementor-widget-container\">\n\t\t\t<iframe width=\"600\" height=\"373.5\" src=\"https:\/\/app.powerbi.com\/view?r=eyJrIjoiOGRkOGU5YzctMjY3Ny00MDhhLWIwOGQtN2JjM2FjNWNjYzdlIiwidCI6IjlkOGEwZDdjLWIxYzEtNDI0OC1iMTM5LWEzODQ1M2U4MjRiZiJ9&pageName=ReportSectiona5460b650086400e9a64\" frameborder=\"0\" allowFullScreen=\"true\"><\/iframe>\t\t<\/div>\n\t\t\t\t<\/div>\n\t\t\t\t<\/div>\n\t\t\t\t<\/div>\n\t\t\t\t\t<\/div>\n\t\t\t\t<\/div>\n\t\t\t\t<\/div>\n\t\t","protected":false},"excerpt":{"rendered":"<p>Pain\u00e9is Interativos \u00a0Observat\u00f3rio do Turismo de Minas Gerais tem como objetivo a transfer\u00eancia de conhecimentos e a forma\u00e7\u00e3o de recursos [&hellip;]<\/p>\n","protected":false},"author":16,"featured_media":0,"parent":0,"menu_order":0,"comment_status":"closed","ping_status":"closed","template":"elementor_header_footer","meta":{"_monsterinsights_skip_tracking":false,"_monsterinsights_sitenote_active":false,"_monsterinsights_sitenote_note":"","_monsterinsights_sitenote_category":0,"site-sidebar-layout":"default","site-content-layout":"","ast-site-content-layout":"default","site-content-style":"default","site-sidebar-style":"default","ast-global-header-display":"","ast-banner-title-visibility":"","ast-main-header-display":"","ast-hfb-above-header-display":"","ast-hfb-below-header-display":"","ast-hfb-mobile-header-display":"","site-post-title":"","ast-breadcrumbs-content":"","ast-featured-img":"","footer-sml-layout":"","theme-transparent-header-meta":"","adv-header-id-meta":"","stick-header-meta":"","header-above-stick-meta":"","header-main-stick-meta":"","header-below-stick-meta":"","astra-migrate-meta-layouts":"default","ast-page-background-enabled":"default","ast-page-background-meta":{"desktop":{"background-color":"var(--ast-global-color-5)","background-image":"","background-repeat":"repeat","background-position":"center center","background-size":"auto","background-attachment":"scroll","background-type":"","background-media":"","overlay-type":"","overlay-color":"","overlay-opacity":"","overlay-gradient":""},"tablet":{"background-color":"","background-image":"","background-repeat":"repeat","background-position":"center center","background-size":"auto","background-attachment":"scroll","background-type":"","background-media":"","overlay-type":"","overlay-color":"","overlay-opacity":"","overlay-gradient":""},"mobile":{"background-color":"","background-image":"","background-repeat":"repeat","background-position":"center center","background-size":"auto","background-attachment":"scroll","background-type":"","background-media":"","overlay-type":"","overlay-color":"","overlay-opacity":"","overlay-gradient":""}},"ast-content-background-meta":{"desktop":{"background-color":"var(--ast-global-color-4)","background-image":"","background-repeat":"repeat","background-position":"center center","background-size":"auto","background-attachment":"scroll","background-type":"","background-media":"","overlay-type":"","overlay-color":"","overlay-opacity":"","overlay-gradient":""},"tablet":{"background-color":"var(--ast-global-color-4)","background-image":"","background-repeat":"repeat","background-position":"center center","background-size":"auto","background-attachment":"scroll","background-type":"","background-media":"","overlay-type":"","overlay-color":"","overlay-opacity":"","overlay-gradient":""},"mobile":{"background-color":"var(--ast-global-color-4)","background-image":"","background-repeat":"repeat","background-position":"center center","background-size":"auto","background-attachment":"scroll","background-type":"","background-media":"","overlay-type":"","overlay-color":"","overlay-opacity":"","overlay-gradient":""}},"footnotes":""},"class_list":["post-10969","page","type-page","status-publish","hentry"],"_links":{"self":[{"href":"https:\/\/www.observatorioturismo.mg.gov.br\/index.php?rest_route=\/wp\/v2\/pages\/10969","targetHints":{"allow":["GET"]}}],"collection":[{"href":"https:\/\/www.observatorioturismo.mg.gov.br\/index.php?rest_route=\/wp\/v2\/pages"}],"about":[{"href":"https:\/\/www.observatorioturismo.mg.gov.br\/index.php?rest_route=\/wp\/v2\/types\/page"}],"author":[{"embeddable":true,"href":"https:\/\/www.observatorioturismo.mg.gov.br\/index.php?rest_route=\/wp\/v2\/users\/16"}],"replies":[{"embeddable":true,"href":"https:\/\/www.observatorioturismo.mg.gov.br\/index.php?rest_route=%2Fwp%2Fv2%2Fcomments&post=10969"}],"version-history":[{"count":30,"href":"https:\/\/www.observatorioturismo.mg.gov.br\/index.php?rest_route=\/wp\/v2\/pages\/10969\/revisions"}],"predecessor-version":[{"id":12320,"href":"https:\/\/www.observatorioturismo.mg.gov.br\/index.php?rest_route=\/wp\/v2\/pages\/10969\/revisions\/12320"}],"wp:attachment":[{"href":"https:\/\/www.observatorioturismo.mg.gov.br\/index.php?rest_route=%2Fwp%2Fv2%2Fmedia&parent=10969"}],"curies":[{"name":"wp","href":"https:\/\/api.w.org\/{rel}","templated":true}]}}