{"id":10694,"date":"2025-03-19T10:47:19","date_gmt":"2025-03-19T13:47:19","guid":{"rendered":"https:\/\/www.observatorioturismo.mg.gov.br\/?page_id=10694"},"modified":"2025-07-01T10:34:59","modified_gmt":"2025-07-01T13:34:59","slug":"faca-parte-novo","status":"publish","type":"page","link":"https:\/\/www.observatorioturismo.mg.gov.br\/?page_id=10694","title":{"rendered":"Fa\u00e7a Parte (novo)"},"content":{"rendered":"\t\t<div data-elementor-type=\"wp-page\" data-elementor-id=\"10694\" class=\"elementor elementor-10694\">\n\t\t\t\t<div class=\"elementor-element elementor-element-dd5b37a e-flex e-con-boxed e-con e-parent\" data-id=\"dd5b37a\" data-element_type=\"container\" data-settings=\"{&quot;background_background&quot;:&quot;classic&quot;,&quot;shape_divider_bottom&quot;:&quot;mountains&quot;}\">\n\t\t\t\t\t<div class=\"e-con-inner\">\n\t\t\t\t<div class=\"elementor-shape elementor-shape-bottom\" data-negative=\"false\">\n\t\t\t<svg xmlns=\"http:\/\/www.w3.org\/2000\/svg\" viewBox=\"0 0 1000 100\" preserveAspectRatio=\"none\">\n\t<path class=\"elementor-shape-fill\" opacity=\"0.33\" d=\"M473,67.3c-203.9,88.3-263.1-34-320.3,0C66,119.1,0,59.7,0,59.7V0h1000v59.7 c0,0-62.1,26.1-94.9,29.3c-32.8,3.3-62.8-12.3-75.8-22.1C806,49.6,745.3,8.7,694.9,4.7S492.4,59,473,67.3z\"\/>\n\t<path class=\"elementor-shape-fill\" opacity=\"0.66\" d=\"M734,67.3c-45.5,0-77.2-23.2-129.1-39.1c-28.6-8.7-150.3-10.1-254,39.1 s-91.7-34.4-149.2,0C115.7,118.3,0,39.8,0,39.8V0h1000v36.5c0,0-28.2-18.5-92.1-18.5C810.2,18.1,775.7,67.3,734,67.3z\"\/>\n\t<path class=\"elementor-shape-fill\" d=\"M766.1,28.9c-200-57.5-266,65.5-395.1,19.5C242,1.8,242,5.4,184.8,20.6C128,35.8,132.3,44.9,89.9,52.5C28.6,63.7,0,0,0,0 h1000c0,0-9.9,40.9-83.6,48.1S829.6,47,766.1,28.9z\"\/>\n<\/svg>\t\t<\/div>\n\t\t<div class=\"elementor-element elementor-element-e851b20 e-flex e-con-boxed e-con e-child\" data-id=\"e851b20\" data-element_type=\"container\">\n\t\t\t\t\t<div class=\"e-con-inner\">\n\t\t\t\t<div class=\"elementor-element elementor-element-94dd35e elementor-widget elementor-widget-heading\" data-id=\"94dd35e\" data-element_type=\"widget\" data-widget_type=\"heading.default\">\n\t\t\t\t<div class=\"elementor-widget-container\">\n\t\t\t<h2 class=\"elementor-heading-title elementor-size-default\">Fa\u00e7a parte<\/h2>\t\t<\/div>\n\t\t\t\t<\/div>\n\t\t\t\t\t<\/div>\n\t\t\t\t<\/div>\n\t\t\t\t\t<\/div>\n\t\t\t\t<\/div>\n\t\t<div class=\"elementor-element elementor-element-8b3210f e-flex e-con-boxed e-con e-parent\" data-id=\"8b3210f\" data-element_type=\"container\">\n\t\t\t\t\t<div class=\"e-con-inner\">\n\t\t<div class=\"elementor-element elementor-element-ea164f5 e-con-full e-flex e-con e-child\" data-id=\"ea164f5\" data-element_type=\"container\">\n\t\t\t\t<div class=\"elementor-element elementor-element-b04de8d elementor-widget elementor-widget-text-editor\" data-id=\"b04de8d\" data-element_type=\"widget\" data-widget_type=\"text-editor.default\">\n\t\t\t\t<div class=\"elementor-widget-container\">\n\t\t\t\t\t\t\t<p>Quer fazer parte do Observat\u00f3rio de Turismo de Minas Gerais, mas possui d\u00favidas se pode participar ou como efetuar o credenciamento? Aqui iremos te ajudar!<\/p><p>As entidades que podem participar do Observat\u00f3rio de Turismo de Minas Gerais s\u00e3o entidades p\u00fablicas, privadas e institui\u00e7\u00f5es da sociedade civil que colaboram como desenvolvimento da atividade tur\u00edstica a partir de realiza\u00e7\u00e3o peri\u00f3dica de estudos e pesquisas relacionados ao turismo no estado.<\/p><p>A solicita\u00e7\u00e3o para a entrada ao Observat\u00f3rio de Turismo de Minas Gerais pode ser realizada a qualquer momento. Com esse prop\u00f3sito, \u00e9 necess\u00e1rio apenas enviar a solicita\u00e7\u00e3o para o e-mail: observatorioturismo@secult.mg.gov.br\u00a0com os documentos especificados no Decreto e Regimento Interno:<\/p><ul><li>A Ficha Cadastral devidamente preenchida;<\/li><li>O Termo de Compromisso devidamente assinado e firmado com a SECULT-MG;<\/li><li>Carta de motiva\u00e7\u00e3o sobre a atua\u00e7\u00e3o da entidade e contribui\u00e7\u00e3o para a rede;<\/li><li>Documenta\u00e7\u00e3o comprobat\u00f3ria (Obrigat\u00f3rio a apresenta\u00e7\u00e3o de pelo menos 01 dos itens a seguir): Relat\u00f3rio de pesquisas relacionadas ao turismo com s\u00e9rie hist\u00f3rica de, pelo menos, 03 anos corridos\u00a0 intercalados; Trabalhos acad\u00eamicos publicados de forma frequente sob tutela da entidade pleiteante; comprova\u00e7\u00e3o de exist\u00eancia de equipe respons\u00e1vel exclusivamente \u00e0 pesquisa.<\/li><\/ul><p>\u00a0<\/p>\t\t\t\t\t\t<\/div>\n\t\t\t\t<\/div>\n\t\t\t\t<\/div>\n\t\t\t\t<div class=\"elementor-element elementor-element-d244030 elementor-hidden-desktop elementor-widget-divider--view-line elementor-widget elementor-widget-divider\" data-id=\"d244030\" data-element_type=\"widget\" data-widget_type=\"divider.default\">\n\t\t\t\t<div class=\"elementor-widget-container\">\n\t\t\t\t\t<div class=\"elementor-divider\">\n\t\t\t<span class=\"elementor-divider-separator\">\n\t\t\t\t\t\t<\/span>\n\t\t<\/div>\n\t\t\t\t<\/div>\n\t\t\t\t<\/div>\n\t\t<div class=\"elementor-element elementor-element-f5e5ad3 e-con-full e-flex e-con e-child\" data-id=\"f5e5ad3\" data-element_type=\"container\" data-settings=\"{&quot;background_background&quot;:&quot;classic&quot;}\">\n\t\t\t\t<div class=\"elementor-element elementor-element-64a281a elementor-hidden-tablet elementor-hidden-mobile elementor-widget elementor-widget-image\" data-id=\"64a281a\" data-element_type=\"widget\" data-widget_type=\"image.default\">\n\t\t\t\t<div class=\"elementor-widget-container\">\n\t\t\t\t\t\t\t\t\t\t\t\t\t<img decoding=\"async\" width=\"5\" height=\"399\" src=\"https:\/\/www.observatorioturismo.mg.gov.br\/wp-content\/uploads\/2025\/03\/Vector-1.png\" class=\"attachment-large size-large wp-image-10579\" alt=\"\" \/>\t\t\t\t\t\t\t\t\t\t\t\t\t<\/div>\n\t\t\t\t<\/div>\n\t\t\t\t<\/div>\n\t\t<div class=\"elementor-element elementor-element-52c5d5c e-con-full e-flex e-con e-child\" data-id=\"52c5d5c\" data-element_type=\"container\" data-settings=\"{&quot;background_background&quot;:&quot;classic&quot;}\">\n\t\t\t\t<div class=\"elementor-element elementor-element-0cfba7c elementor-widget elementor-widget-heading\" data-id=\"0cfba7c\" data-element_type=\"widget\" data-widget_type=\"heading.default\">\n\t\t\t\t<div class=\"elementor-widget-container\">\n\t\t\t<h2 class=\"elementor-heading-title elementor-size-default\">Acesse a documenta\u00e7\u00e3o<\/h2>\t\t<\/div>\n\t\t\t\t<\/div>\n\t\t\t\t<div class=\"elementor-element elementor-element-22b0d0f elementor-align-left elementor-widget elementor-widget-button\" data-id=\"22b0d0f\" data-element_type=\"widget\" data-widget_type=\"button.default\">\n\t\t\t\t<div class=\"elementor-widget-container\">\n\t\t\t\t\t\t\t<div class=\"elementor-button-wrapper\">\n\t\t\t\t\t<a class=\"elementor-button elementor-button-link elementor-size-sm\" href=\"https:\/\/www.dropbox.com\/s\/xzpunr0jpon8fs9\/Decreto%2047526.2018.pdf?dl=0\">\n\t\t\t\t\t\t<span class=\"elementor-button-content-wrapper\">\n\t\t\t\t\t\t<span class=\"elementor-button-icon\">\n\t\t\t\t<svg xmlns=\"http:\/\/www.w3.org\/2000\/svg\" width=\"22\" height=\"16\" viewBox=\"0 0 22 16\" fill=\"none\"><path d=\"M1.66522 7.81702L20.8068 7.81702\" stroke=\"black\" stroke-width=\"2\" stroke-linecap=\"round\" stroke-linejoin=\"round\"><\/path><path d=\"M16.4565 1.00001L20.8069 7.60395L16.4565 14.2079\" stroke=\"black\" stroke-width=\"2\" stroke-linecap=\"round\" stroke-linejoin=\"round\"><\/path><\/svg>\t\t\t<\/span>\n\t\t\t\t\t\t\t\t\t<span class=\"elementor-button-text\">Decreto do Observat\u00f3rio<\/span>\n\t\t\t\t\t<\/span>\n\t\t\t\t\t<\/a>\n\t\t\t\t<\/div>\n\t\t\t\t\t\t<\/div>\n\t\t\t\t<\/div>\n\t\t\t\t<div class=\"elementor-element elementor-element-8e83d34 elementor-align-left elementor-widget elementor-widget-button\" data-id=\"8e83d34\" data-element_type=\"widget\" data-widget_type=\"button.default\">\n\t\t\t\t<div class=\"elementor-widget-container\">\n\t\t\t\t\t\t\t<div class=\"elementor-button-wrapper\">\n\t\t\t\t\t<a class=\"elementor-button elementor-button-link elementor-size-sm\" href=\"https:\/\/www.dropbox.com\/s\/sxz1r74otssnss2\/Novo%20Regimento%20Interno..pdf?dl=0\">\n\t\t\t\t\t\t<span class=\"elementor-button-content-wrapper\">\n\t\t\t\t\t\t<span class=\"elementor-button-icon\">\n\t\t\t\t<svg xmlns=\"http:\/\/www.w3.org\/2000\/svg\" width=\"22\" height=\"16\" viewBox=\"0 0 22 16\" fill=\"none\"><path d=\"M1.66522 7.81702L20.8068 7.81702\" stroke=\"black\" stroke-width=\"2\" stroke-linecap=\"round\" stroke-linejoin=\"round\"><\/path><path d=\"M16.4565 1.00001L20.8069 7.60395L16.4565 14.2079\" stroke=\"black\" stroke-width=\"2\" stroke-linecap=\"round\" stroke-linejoin=\"round\"><\/path><\/svg>\t\t\t<\/span>\n\t\t\t\t\t\t\t\t\t<span class=\"elementor-button-text\">Regimento Interno<\/span>\n\t\t\t\t\t<\/span>\n\t\t\t\t\t<\/a>\n\t\t\t\t<\/div>\n\t\t\t\t\t\t<\/div>\n\t\t\t\t<\/div>\n\t\t\t\t<div class=\"elementor-element elementor-element-54e4b1f elementor-align-left elementor-widget elementor-widget-button\" data-id=\"54e4b1f\" data-element_type=\"widget\" data-widget_type=\"button.default\">\n\t\t\t\t<div class=\"elementor-widget-container\">\n\t\t\t\t\t\t\t<div class=\"elementor-button-wrapper\">\n\t\t\t\t\t<a class=\"elementor-button elementor-button-link elementor-size-sm\" href=\"https:\/\/www.dropbox.com\/scl\/fi\/wvvnw4otetna3ema5a20e\/Anexo-I-.doc.docx?dl=0&#038;rlkey=3rm48lv4u5edb5oijeuwzhohn\">\n\t\t\t\t\t\t<span class=\"elementor-button-content-wrapper\">\n\t\t\t\t\t\t<span class=\"elementor-button-icon\">\n\t\t\t\t<svg xmlns=\"http:\/\/www.w3.org\/2000\/svg\" width=\"22\" height=\"16\" viewBox=\"0 0 22 16\" fill=\"none\"><path d=\"M1.66522 7.81702L20.8068 7.81702\" stroke=\"black\" stroke-width=\"2\" stroke-linecap=\"round\" stroke-linejoin=\"round\"><\/path><path d=\"M16.4565 1.00001L20.8069 7.60395L16.4565 14.2079\" stroke=\"black\" stroke-width=\"2\" stroke-linecap=\"round\" stroke-linejoin=\"round\"><\/path><\/svg>\t\t\t<\/span>\n\t\t\t\t\t\t\t\t\t<span class=\"elementor-button-text\">Ficha Cadastral<\/span>\n\t\t\t\t\t<\/span>\n\t\t\t\t\t<\/a>\n\t\t\t\t<\/div>\n\t\t\t\t\t\t<\/div>\n\t\t\t\t<\/div>\n\t\t\t\t<div class=\"elementor-element elementor-element-4d242b2 elementor-align-left elementor-widget elementor-widget-button\" data-id=\"4d242b2\" data-element_type=\"widget\" data-widget_type=\"button.default\">\n\t\t\t\t<div class=\"elementor-widget-container\">\n\t\t\t\t\t\t\t<div class=\"elementor-button-wrapper\">\n\t\t\t\t\t<a class=\"elementor-button elementor-button-link elementor-size-sm\" href=\"https:\/\/www.dropbox.com\/s\/rb4fi76j4k7jw8i\/Termo%20de%20compromisso%20-%20Observat%C3%B3rio%20-%20FINAL%202022.docx.pdf?dl=0\">\n\t\t\t\t\t\t<span class=\"elementor-button-content-wrapper\">\n\t\t\t\t\t\t<span class=\"elementor-button-icon\">\n\t\t\t\t<svg xmlns=\"http:\/\/www.w3.org\/2000\/svg\" width=\"22\" height=\"16\" viewBox=\"0 0 22 16\" fill=\"none\"><path d=\"M1.66522 7.81702L20.8068 7.81702\" stroke=\"black\" stroke-width=\"2\" stroke-linecap=\"round\" stroke-linejoin=\"round\"><\/path><path d=\"M16.4565 1.00001L20.8069 7.60395L16.4565 14.2079\" stroke=\"black\" stroke-width=\"2\" stroke-linecap=\"round\" stroke-linejoin=\"round\"><\/path><\/svg>\t\t\t<\/span>\n\t\t\t\t\t\t\t\t\t<span class=\"elementor-button-text\">Termo de Compromisso<\/span>\n\t\t\t\t\t<\/span>\n\t\t\t\t\t<\/a>\n\t\t\t\t<\/div>\n\t\t\t\t\t\t<\/div>\n\t\t\t\t<\/div>\n\t\t\t\t<\/div>\n\t\t\t\t\t<\/div>\n\t\t\t\t<\/div>\n\t\t\t\t<\/div>\n\t\t","protected":false},"excerpt":{"rendered":"<p>Fa\u00e7a parte Quer fazer parte do Observat\u00f3rio de Turismo de Minas Gerais, mas possui d\u00favidas se pode participar ou como [&hellip;]<\/p>\n","protected":false},"author":16,"featured_media":0,"parent":0,"menu_order":0,"comment_status":"closed","ping_status":"closed","template":"elementor_header_footer","meta":{"_monsterinsights_skip_tracking":false,"_monsterinsights_sitenote_active":false,"_monsterinsights_sitenote_note":"","_monsterinsights_sitenote_category":0,"site-sidebar-layout":"default","site-content-layout":"","ast-site-content-layout":"default","site-content-style":"default","site-sidebar-style":"default","ast-global-header-display":"","ast-banner-title-visibility":"","ast-main-header-display":"","ast-hfb-above-header-display":"","ast-hfb-below-header-display":"","ast-hfb-mobile-header-display":"","site-post-title":"","ast-breadcrumbs-content":"","ast-featured-img":"","footer-sml-layout":"","theme-transparent-header-meta":"","adv-header-id-meta":"","stick-header-meta":"","header-above-stick-meta":"","header-main-stick-meta":"","header-below-stick-meta":"","astra-migrate-meta-layouts":"default","ast-page-background-enabled":"default","ast-page-background-meta":{"desktop":{"background-color":"var(--ast-global-color-5)","background-image":"","background-repeat":"repeat","background-position":"center center","background-size":"auto","background-attachment":"scroll","background-type":"","background-media":"","overlay-type":"","overlay-color":"","overlay-opacity":"","overlay-gradient":""},"tablet":{"background-color":"","background-image":"","background-repeat":"repeat","background-position":"center center","background-size":"auto","background-attachment":"scroll","background-type":"","background-media":"","overlay-type":"","overlay-color":"","overlay-opacity":"","overlay-gradient":""},"mobile":{"background-color":"","background-image":"","background-repeat":"repeat","background-position":"center center","background-size":"auto","background-attachment":"scroll","background-type":"","background-media":"","overlay-type":"","overlay-color":"","overlay-opacity":"","overlay-gradient":""}},"ast-content-background-meta":{"desktop":{"background-color":"var(--ast-global-color-4)","background-image":"","background-repeat":"repeat","background-position":"center center","background-size":"auto","background-attachment":"scroll","background-type":"","background-media":"","overlay-type":"","overlay-color":"","overlay-opacity":"","overlay-gradient":""},"tablet":{"background-color":"var(--ast-global-color-4)","background-image":"","background-repeat":"repeat","background-position":"center center","background-size":"auto","background-attachment":"scroll","background-type":"","background-media":"","overlay-type":"","overlay-color":"","overlay-opacity":"","overlay-gradient":""},"mobile":{"background-color":"var(--ast-global-color-4)","background-image":"","background-repeat":"repeat","background-position":"center center","background-size":"auto","background-attachment":"scroll","background-type":"","background-media":"","overlay-type":"","overlay-color":"","overlay-opacity":"","overlay-gradient":""}},"footnotes":""},"class_list":["post-10694","page","type-page","status-publish","hentry"],"_links":{"self":[{"href":"https:\/\/www.observatorioturismo.mg.gov.br\/index.php?rest_route=\/wp\/v2\/pages\/10694","targetHints":{"allow":["GET"]}}],"collection":[{"href":"https:\/\/www.observatorioturismo.mg.gov.br\/index.php?rest_route=\/wp\/v2\/pages"}],"about":[{"href":"https:\/\/www.observatorioturismo.mg.gov.br\/index.php?rest_route=\/wp\/v2\/types\/page"}],"author":[{"embeddable":true,"href":"https:\/\/www.observatorioturismo.mg.gov.br\/index.php?rest_route=\/wp\/v2\/users\/16"}],"replies":[{"embeddable":true,"href":"https:\/\/www.observatorioturismo.mg.gov.br\/index.php?rest_route=%2Fwp%2Fv2%2Fcomments&post=10694"}],"version-history":[{"count":0,"href":"https:\/\/www.observatorioturismo.mg.gov.br\/index.php?rest_route=\/wp\/v2\/pages\/10694\/revisions"}],"wp:attachment":[{"href":"https:\/\/www.observatorioturismo.mg.gov.br\/index.php?rest_route=%2Fwp%2Fv2%2Fmedia&parent=10694"}],"curies":[{"name":"wp","href":"https:\/\/api.w.org\/{rel}","templated":true}]}}